{"id":545,"date":"2023-02-12T02:29:41","date_gmt":"2023-02-12T02:29:41","guid":{"rendered":"https:\/\/domicilios.builderallwppro.com\/?page_id=545"},"modified":"2023-02-12T02:51:09","modified_gmt":"2023-02-12T02:51:09","slug":"eventos","status":"publish","type":"page","link":"https:\/\/domicilios.builderallwppro.com\/?page_id=545","title":{"rendered":"Eventos"},"content":{"rendered":"\t\t<div data-elementor-type=\"wp-page\" data-elementor-id=\"545\" class=\"elementor elementor-545\">\n\t\t\t\t\t\t\t\t\t<section class=\"elementor-section elementor-top-section elementor-element elementor-element-1bbfaa97 elementor-section-height-min-height elementor-section-boxed elementor-section-height-default elementor-section-items-middle\" data-id=\"1bbfaa97\" data-element_type=\"section\" id=\"nosotros\" data-settings=\"{&quot;background_background&quot;:&quot;slideshow&quot;,&quot;background_slideshow_gallery&quot;:[{&quot;id&quot;:461,&quot;url&quot;:&quot;https:\\\/\\\/domicilios.builderallwppro.com\\\/wp-content\\\/uploads\\\/2023\\\/02\\\/Palos-de-Nogal-Chia-Cundinamarca.jpg&quot;},{&quot;id&quot;:462,&quot;url&quot;:&quot;https:\\\/\\\/domicilios.builderallwppro.com\\\/wp-content\\\/uploads\\\/2023\\\/02\\\/Palos-de-Nogal-Chia-Cundinamarca-2.jpg&quot;},{&quot;id&quot;:463,&quot;url&quot;:&quot;https:\\\/\\\/domicilios.builderallwppro.com\\\/wp-content\\\/uploads\\\/2023\\\/02\\\/Palos-de-Nogal-Chia-Cundinamarca-3.jpg&quot;},{&quot;id&quot;:464,&quot;url&quot;:&quot;https:\\\/\\\/domicilios.builderallwppro.com\\\/wp-content\\\/uploads\\\/2023\\\/02\\\/Palos-de-Nogal-Chia-Cundinamarca-4.jpg&quot;},{&quot;id&quot;:465,&quot;url&quot;:&quot;https:\\\/\\\/domicilios.builderallwppro.com\\\/wp-content\\\/uploads\\\/2023\\\/02\\\/Palos-de-Nogal-Chia-Cundinamarca-5.jpg&quot;},{&quot;id&quot;:466,&quot;url&quot;:&quot;https:\\\/\\\/domicilios.builderallwppro.com\\\/wp-content\\\/uploads\\\/2023\\\/02\\\/Palos-de-Nogal-Chia-Cundinamarca-6.jpg&quot;},{&quot;id&quot;:467,&quot;url&quot;:&quot;https:\\\/\\\/domicilios.builderallwppro.com\\\/wp-content\\\/uploads\\\/2023\\\/02\\\/Palos-de-Nogal-Chia-Cundinamarca-7.jpg&quot;},{&quot;id&quot;:468,&quot;url&quot;:&quot;https:\\\/\\\/domicilios.builderallwppro.com\\\/wp-content\\\/uploads\\\/2023\\\/02\\\/Palos-de-Nogal-Chia-Cundinamarca-8.jpg&quot;},{&quot;id&quot;:469,&quot;url&quot;:&quot;https:\\\/\\\/domicilios.builderallwppro.com\\\/wp-content\\\/uploads\\\/2023\\\/02\\\/Palos-de-Nogal-Chia-Cundinamarca-9.jpg&quot;},{&quot;id&quot;:470,&quot;url&quot;:&quot;https:\\\/\\\/domicilios.builderallwppro.com\\\/wp-content\\\/uploads\\\/2023\\\/02\\\/Palos-de-Nogal-Chia-Cundinamarca-10.jpg&quot;},{&quot;id&quot;:471,&quot;url&quot;:&quot;https:\\\/\\\/domicilios.builderallwppro.com\\\/wp-content\\\/uploads\\\/2023\\\/02\\\/Palos-de-Nogal-Chia-Cundinamarca-11.jpg&quot;},{&quot;id&quot;:472,&quot;url&quot;:&quot;https:\\\/\\\/domicilios.builderallwppro.com\\\/wp-content\\\/uploads\\\/2023\\\/02\\\/Palos-de-Nogal-Chia-Cundinamarca-12.jpg&quot;}],&quot;background_slideshow_slide_duration&quot;:2000,&quot;background_slideshow_ken_burns&quot;:&quot;yes&quot;,&quot;background_slideshow_loop&quot;:&quot;yes&quot;,&quot;background_slideshow_slide_transition&quot;:&quot;fade&quot;,&quot;background_slideshow_transition_duration&quot;:500,&quot;background_slideshow_ken_burns_zoom_direction&quot;:&quot;in&quot;}\">\n\t\t\t\t\t\t\t<div class=\"elementor-background-overlay\"><\/div>\n\t\t\t\t\t\t\t<div class=\"elementor-container elementor-column-gap-default\">\n\t\t\t\t\t<div class=\"elementor-column elementor-col-100 elementor-top-column elementor-element elementor-element-5fa94e47\" data-id=\"5fa94e47\" data-element_type=\"column\">\n\t\t\t<div class=\"elementor-widget-wrap elementor-element-populated\">\n\t\t\t\t\t\t\t\t<div class=\"elementor-element elementor-element-ee84f76 elementor-widget elementor-widget-heading\" data-id=\"ee84f76\" data-element_type=\"widget\" data-widget_type=\"heading.default\">\n\t\t\t\t<div class=\"elementor-widget-container\">\n\t\t\t<style>\/*! elementor - v3.11.1 - 15-02-2023 *\/\n.elementor-heading-title{padding:0;margin:0;line-height:1}.elementor-widget-heading .elementor-heading-title[class*=elementor-size-]>a{color:inherit;font-size:inherit;line-height:inherit}.elementor-widget-heading .elementor-heading-title.elementor-size-small{font-size:15px}.elementor-widget-heading .elementor-heading-title.elementor-size-medium{font-size:19px}.elementor-widget-heading .elementor-heading-title.elementor-size-large{font-size:29px}.elementor-widget-heading .elementor-heading-title.elementor-size-xl{font-size:39px}.elementor-widget-heading .elementor-heading-title.elementor-size-xxl{font-size:59px}<\/style><h2 class=\"elementor-heading-title elementor-size-default\">EVENTOS<\/h2>\t\t<\/div>\n\t\t\t\t<\/div>\n\t\t\t\t<div class=\"elementor-element elementor-element-737ad049 elementor-widget elementor-widget-text-editor\" data-id=\"737ad049\" data-element_type=\"widget\" data-widget_type=\"text-editor.default\">\n\t\t\t\t<div class=\"elementor-widget-container\">\n\t\t\t<style>\/*! elementor - v3.11.1 - 15-02-2023 *\/\n.elementor-widget-text-editor.elementor-drop-cap-view-stacked .elementor-drop-cap{background-color:#818a91;color:#fff}.elementor-widget-text-editor.elementor-drop-cap-view-framed .elementor-drop-cap{color:#818a91;border:3px solid;background-color:transparent}.elementor-widget-text-editor:not(.elementor-drop-cap-view-default) .elementor-drop-cap{margin-top:8px}.elementor-widget-text-editor:not(.elementor-drop-cap-view-default) .elementor-drop-cap-letter{width:1em;height:1em}.elementor-widget-text-editor .elementor-drop-cap{float:left;text-align:center;line-height:1;font-size:50px}.elementor-widget-text-editor .elementor-drop-cap-letter{display:inline-block}<\/style>\t\t\t\t<p>Palos de Nogal<\/p>\t\t\t\t\t\t<\/div>\n\t\t\t\t<\/div>\n\t\t\t\t\t<\/div>\n\t\t<\/div>\n\t\t\t\t\t\t\t<\/div>\n\t\t<\/section>\n\t\t\t\t<section class=\"elementor-section elementor-inner-section elementor-element elementor-element-1e311d86 elementor-section-boxed elementor-section-height-default elementor-section-height-default\" data-id=\"1e311d86\" data-element_type=\"section\" data-settings=\"{&quot;background_background&quot;:&quot;classic&quot;}\">\n\t\t\t\t\t\t<div class=\"elementor-container elementor-column-gap-extended\">\n\t\t\t\t\t<div class=\"elementor-column elementor-col-100 elementor-inner-column elementor-element elementor-element-336f44c4\" data-id=\"336f44c4\" data-element_type=\"column\">\n\t\t\t<div class=\"elementor-widget-wrap elementor-element-populated\">\n\t\t\t\t\t\t\t\t<div class=\"elementor-element elementor-element-6961661c elementor-widget elementor-widget-progress\" data-id=\"6961661c\" data-element_type=\"widget\" data-widget_type=\"progress.default\">\n\t\t\t\t<div class=\"elementor-widget-container\">\n\t\t\t<style>\/*! elementor - v3.11.1 - 15-02-2023 *\/\n.elementor-widget-progress{text-align:left}.elementor-progress-wrapper{position:relative;background-color:#eee;color:#fff;height:100%;border-radius:2px}.elementor-progress-bar{display:flex;background-color:#818a91;width:0;font-size:11px;height:30px;line-height:30px;border-radius:2px;transition:width 1s ease-in-out}.elementor-progress-text{flex-grow:1;white-space:nowrap;text-overflow:ellipsis;overflow:hidden;padding-left:15px}.elementor-progress-percentage{padding-right:15px}.elementor-widget-progress .elementor-progress-wrapper.progress-info .elementor-progress-bar{background-color:#5bc0de}.elementor-widget-progress .elementor-progress-wrapper.progress-success .elementor-progress-bar{background-color:#5cb85c}.elementor-widget-progress .elementor-progress-wrapper.progress-warning .elementor-progress-bar{background-color:#f0ad4e}.elementor-widget-progress .elementor-progress-wrapper.progress-danger .elementor-progress-bar{background-color:#d9534f}.elementor-progress .elementor-title{display:block}@media (max-width:767px){.elementor-progress-text{padding-left:10px}}.e-con-inner .elementor-progress-wrapper,.e-con .elementor-progress-wrapper{height:auto}<\/style>\t\t\t<span class=\"elementor-title\">Eventos Sociales<\/span>\n\t\t\n\t\t<div class=\"elementor-progress-wrapper progress-warning\" role=\"progressbar\" aria-valuemin=\"0\" aria-valuemax=\"100\" aria-valuenow=\"90\" aria-valuetext=\"Cumplea\u00f1os, Aniversarios, Cenas Romanticas\">\n\t\t\t<div class=\"elementor-progress-bar\" data-max=\"90\">\n\t\t\t\t<span class=\"elementor-progress-text\">Cumplea\u00f1os, Aniversarios, Cenas Romanticas<\/span>\n\t\t\t\t\t\t\t<\/div>\n\t\t<\/div>\n\t\t\t\t<\/div>\n\t\t\t\t<\/div>\n\t\t\t\t<div class=\"elementor-element elementor-element-a02439a elementor-widget elementor-widget-progress\" data-id=\"a02439a\" data-element_type=\"widget\" data-widget_type=\"progress.default\">\n\t\t\t\t<div class=\"elementor-widget-container\">\n\t\t\t\t\t\t<span class=\"elementor-title\">Eventos Empresariales<\/span>\n\t\t\n\t\t<div class=\"elementor-progress-wrapper progress-warning\" role=\"progressbar\" aria-valuemin=\"0\" aria-valuemax=\"100\" aria-valuenow=\"70\" aria-valuetext=\"Networking, Cenas, Juntas de Negocios\">\n\t\t\t<div class=\"elementor-progress-bar\" data-max=\"70\">\n\t\t\t\t<span class=\"elementor-progress-text\">Networking, Cenas, Juntas de Negocios<\/span>\n\t\t\t\t\t\t\t<\/div>\n\t\t<\/div>\n\t\t\t\t<\/div>\n\t\t\t\t<\/div>\n\t\t\t\t\t<\/div>\n\t\t<\/div>\n\t\t\t\t\t\t\t<\/div>\n\t\t<\/section>\n\t\t\t\t<section class=\"elementor-section elementor-top-section elementor-element elementor-element-2ed2094a elementor-section-boxed elementor-section-height-default elementor-section-height-default\" data-id=\"2ed2094a\" data-element_type=\"section\">\n\t\t\t\t\t\t<div class=\"elementor-container elementor-column-gap-default\">\n\t\t\t\t\t<div class=\"elementor-column elementor-col-50 elementor-top-column elementor-element elementor-element-302d44f2\" data-id=\"302d44f2\" data-element_type=\"column\">\n\t\t\t<div class=\"elementor-widget-wrap elementor-element-populated\">\n\t\t\t\t\t\t\t\t<div class=\"elementor-element elementor-element-7fbb7b4f elementor-cta--skin-cover elementor-cta--valign-middle elementor-bg-transform elementor-bg-transform-zoom-out animated-slow elementor-animated-content elementor-invisible elementor-widget elementor-widget-call-to-action\" data-id=\"7fbb7b4f\" data-element_type=\"widget\" data-settings=\"{&quot;_animation&quot;:&quot;fadeInLeft&quot;,&quot;_animation_delay&quot;:300}\" data-widget_type=\"call-to-action.default\">\n\t\t\t\t<div class=\"elementor-widget-container\">\n\t\t\t<link rel=\"stylesheet\" href=\"https:\/\/domicilios.builderallwppro.com\/wp-content\/plugins\/elementor-pro\/assets\/css\/widget-call-to-action.min.css\">\t\t<div class=\"elementor-cta\">\n\t\t\t\t\t<div class=\"elementor-cta__bg-wrapper\">\n\t\t\t\t<div class=\"elementor-cta__bg elementor-bg\" style=\"background-image: url(https:\/\/domicilios.builderallwppro.com\/wp-content\/uploads\/2023\/01\/Punta-de-anca-1024x1024.jpg);\"><\/div>\n\t\t\t\t<div class=\"elementor-cta__bg-overlay\"><\/div>\n\t\t\t<\/div>\n\t\t\t\t\t\t\t<div class=\"elementor-cta__content\">\n\t\t\t\t\n\t\t\t\t<h2 class=\"elementor-cta__title elementor-cta__content-item elementor-content-item elementor-animated-item--grow\">COTIZAR MI EVENTO<\/h2>\n\t\t\t\t\t\t\t\t\t<div class=\"elementor-cta__description elementor-cta__content-item elementor-content-item elementor-animated-item--grow\">\n\t\t\t\t\t\tTe apoyamos en el presupuesto que necesitas para tu evento, sea completo o parcial, s\u00f3lo escr\u00edbenos para coordinar.\t\t\t\t\t<\/div>\n\t\t\t\t\n\t\t\t\t\t\t\t\t\t<div class=\"elementor-cta__button-wrapper elementor-cta__content-item elementor-content-item elementor-animated-item--grow\">\n\t\t\t\t\t<a class=\"elementor-cta__button elementor-button elementor-size-xs\" href=\"https:\/\/cutt.ly\/whatsapp-palosdenogal\" target=\"_blank\" rel=\"noopener\">\n\t\t\t\t\t\tCotizar Evento\t\t\t\t\t<\/a>\n\t\t\t\t\t<\/div>\n\t\t\t\t\t\t\t<\/div>\n\t\t\t\t\t\t\t<div class=\"elementor-ribbon\">\n\t\t\t\t<div class=\"elementor-ribbon-inner\">Cup\u00f3n<\/div>\n\t\t\t<\/div>\n\t\t\t\t<\/div>\n\t\t\t\t<\/div>\n\t\t\t\t<\/div>\n\t\t\t\t<div class=\"elementor-element elementor-element-de89844 elementor-cta--skin-cover elementor-cta--valign-middle elementor-bg-transform elementor-bg-transform-zoom-out animated-slow elementor-animated-content elementor-invisible elementor-widget elementor-widget-call-to-action\" data-id=\"de89844\" data-element_type=\"widget\" data-settings=\"{&quot;_animation&quot;:&quot;fadeInLeft&quot;,&quot;_animation_delay&quot;:300}\" data-widget_type=\"call-to-action.default\">\n\t\t\t\t<div class=\"elementor-widget-container\">\n\t\t\t\t\t<div class=\"elementor-cta\">\n\t\t\t\t\t<div class=\"elementor-cta__bg-wrapper\">\n\t\t\t\t<div class=\"elementor-cta__bg elementor-bg\" style=\"background-image: url(https:\/\/domicilios.builderallwppro.com\/wp-content\/uploads\/2023\/01\/Punta-de-anca-1024x1024.jpg);\"><\/div>\n\t\t\t\t<div class=\"elementor-cta__bg-overlay\"><\/div>\n\t\t\t<\/div>\n\t\t\t\t\t\t\t<div class=\"elementor-cta__content\">\n\t\t\t\t\n\t\t\t\t<h2 class=\"elementor-cta__title elementor-cta__content-item elementor-content-item elementor-animated-item--grow\">D\u00cdA DE SAN VALENTIN<\/h2>\n\t\t\t\t\t\t\t\t\t<div class=\"elementor-cta__description elementor-cta__content-item elementor-content-item elementor-animated-item--grow\">\n\t\t\t\t\t\tDel 18 al 25 de Febrero. Descuentos especiales y m\u00fasica en vivo los fines de semana.\t\t\t\t\t<\/div>\n\t\t\t\t\n\t\t\t\t\t\t\t<\/div>\n\t\t\t\t\t\t\t<div class=\"elementor-ribbon\">\n\t\t\t\t<div class=\"elementor-ribbon-inner\">Cup\u00f3n<\/div>\n\t\t\t<\/div>\n\t\t\t\t<\/div>\n\t\t\t\t<\/div>\n\t\t\t\t<\/div>\n\t\t\t\t\t<\/div>\n\t\t<\/div>\n\t\t\t\t<div class=\"elementor-column elementor-col-50 elementor-top-column elementor-element elementor-element-64524b4e\" data-id=\"64524b4e\" data-element_type=\"column\">\n\t\t\t<div class=\"elementor-widget-wrap elementor-element-populated\">\n\t\t\t\t\t\t\t\t<div class=\"elementor-element elementor-element-71686301 elementor-cta--skin-cover elementor-cta--valign-middle elementor-bg-transform elementor-bg-transform-zoom-out animated-slow elementor-animated-content elementor-invisible elementor-widget elementor-widget-call-to-action\" data-id=\"71686301\" data-element_type=\"widget\" data-settings=\"{&quot;_animation&quot;:&quot;fadeInLeft&quot;,&quot;_animation_delay&quot;:300}\" data-widget_type=\"call-to-action.default\">\n\t\t\t\t<div class=\"elementor-widget-container\">\n\t\t\t\t\t<div class=\"elementor-cta\">\n\t\t\t\t\t<div class=\"elementor-cta__bg-wrapper\">\n\t\t\t\t<div class=\"elementor-cta__bg elementor-bg\" style=\"background-image: url(https:\/\/domicilios.builderallwppro.com\/wp-content\/uploads\/2023\/01\/Punta-de-anca-1024x1024.jpg);\"><\/div>\n\t\t\t\t<div class=\"elementor-cta__bg-overlay\"><\/div>\n\t\t\t<\/div>\n\t\t\t\t\t\t\t<div class=\"elementor-cta__content\">\n\t\t\t\t\n\t\t\t\t<h2 class=\"elementor-cta__title elementor-cta__content-item elementor-content-item elementor-animated-item--grow\">D\u00cdA DE LAS MADRES<\/h2>\n\t\t\t\t\t\t\t\t\t<div class=\"elementor-cta__description elementor-cta__content-item elementor-content-item elementor-animated-item--grow\">\n\t\t\t\t\t\tTodo el m\u00e9s de Mayo. Descuentos especiales y m\u00fasica en vivo los fines de semana.\t\t\t\t\t<\/div>\n\t\t\t\t\n\t\t\t\t\t\t\t<\/div>\n\t\t\t\t\t\t\t<div class=\"elementor-ribbon\">\n\t\t\t\t<div class=\"elementor-ribbon-inner\">Cup\u00f3n<\/div>\n\t\t\t<\/div>\n\t\t\t\t<\/div>\n\t\t\t\t<\/div>\n\t\t\t\t<\/div>\n\t\t\t\t\t<\/div>\n\t\t<\/div>\n\t\t\t\t\t\t\t<\/div>\n\t\t<\/section>\n\t\t\t\t\t\t\t<\/div>\n\t\t","protected":false},"excerpt":{"rendered":"<p>EVENTOS Palos de Nogal Eventos Sociales Cumplea\u00f1os, Aniversarios, Cenas Romanticas Eventos Empresariales Networking, Cenas, Juntas de Negocios COTIZAR MI EVENTO Te apoyamos en el presupuesto que necesitas para tu evento, sea completo o parcial, s\u00f3lo escr\u00edbenos para coordinar. Cotizar Evento Cup\u00f3n D\u00cdA DE SAN VALENTIN Del 18 al 25 de Febrero. Descuentos especiales y m\u00fasica [&hellip;]<\/p>\n","protected":false},"author":1,"featured_media":0,"parent":0,"menu_order":0,"comment_status":"closed","ping_status":"closed","template":"elementor_canvas","meta":{"footnotes":""},"class_list":["post-545","page","type-page","status-publish","hentry"],"_links":{"self":[{"href":"https:\/\/domicilios.builderallwppro.com\/index.php?rest_route=\/wp\/v2\/pages\/545","targetHints":{"allow":["GET"]}}],"collection":[{"href":"https:\/\/domicilios.builderallwppro.com\/index.php?rest_route=\/wp\/v2\/pages"}],"about":[{"href":"https:\/\/domicilios.builderallwppro.com\/index.php?rest_route=\/wp\/v2\/types\/page"}],"author":[{"embeddable":true,"href":"https:\/\/domicilios.builderallwppro.com\/index.php?rest_route=\/wp\/v2\/users\/1"}],"replies":[{"embeddable":true,"href":"https:\/\/domicilios.builderallwppro.com\/index.php?rest_route=%2Fwp%2Fv2%2Fcomments&post=545"}],"version-history":[{"count":43,"href":"https:\/\/domicilios.builderallwppro.com\/index.php?rest_route=\/wp\/v2\/pages\/545\/revisions"}],"predecessor-version":[{"id":603,"href":"https:\/\/domicilios.builderallwppro.com\/index.php?rest_route=\/wp\/v2\/pages\/545\/revisions\/603"}],"wp:attachment":[{"href":"https:\/\/domicilios.builderallwppro.com\/index.php?rest_route=%2Fwp%2Fv2%2Fmedia&parent=545"}],"curies":[{"name":"wp","href":"https:\/\/api.w.org\/{rel}","templated":true}]}}